{"id":21,"date":"2016-03-23T02:23:01","date_gmt":"2016-03-23T02:23:01","guid":{"rendered":"http:\/\/conincomiennam.com.vn\/?page_id=21"},"modified":"2016-06-24T07:01:06","modified_gmt":"2016-06-24T07:01:06","slug":"tin-tuc-su-kien","status":"publish","type":"page","link":"https:\/\/conincomiennam.com.vn\/en\/tin-tuc-su-kien\/","title":{"rendered":"NEW &#038; EVENTS"},"content":{"rendered":"<div class=\"wpb-content-wrapper\"><p>[vc_row type=&#8221;vc_default&#8221; equal_height=&#8221;yes&#8221; css=&#8221;.vc_custom_1463971998764{border-top-width: 3px !important;background-color: #ffffff !important;border-top-color: #ec1a22 !important;border-top-style: solid !important;}&#8221;][vc_column width=&#8221;3\/4&#8243; css=&#8221;.vc_custom_1463970644941{padding-top: 0px !important;}&#8221;][vc_row_inner][vc_column_inner][\/vc_column_inner][\/vc_row_inner][\/vc_column][vc_column width=&#8221;1\/4&#8243; el_class=&#8221;col-sidebar-right&#8221; css=&#8221;.vc_custom_1463972130044{border-top-width: 3px !important;border-bottom-width: 3px !important;background-color: #a1201a !important;border-top-color: #ec151e !important;border-top-style: solid !important;border-bottom-color: #ec151e !important;border-bottom-style: solid !important;}&#8221;][vc_column_text]<\/p>\n<h4><span style=\"color: #ec151e;\">D\u1ef0 \u00c1N TI\u00caU BI\u1ec2U<\/span><\/h4>\n<p>[\/vc_column_text]<section class=\"items-grid wf-container\"><div class=\"wf-cell wf-1\"><article class=\"post-format-standard\"><div class=\"mini-post-img\"><a class=\"alignleft post-rollover layzr-bg\" href=\"https:\/\/conincomiennam.com.vn\/en\/tap-huan-ve-atld-vsld\/\" aria-label=\"Post image\"><img decoding=\"async\" class=\"preload-me lazy-load aspect\" src=\"data:image\/svg+xml,%3Csvg%20xmlns%3D&#39;http%3A%2F%2Fwww.w3.org%2F2000%2Fsvg&#39;%20viewBox%3D&#39;0%200%20100%2060&#39;%2F%3E\" data-src=\"https:\/\/conincomiennam.com.vn\/wp-content\/uploads\/2017\/09\/P1000810-100x60.jpg\" data-srcset=\"https:\/\/conincomiennam.com.vn\/wp-content\/uploads\/2017\/09\/P1000810-100x60.jpg 100w, https:\/\/conincomiennam.com.vn\/wp-content\/uploads\/2017\/09\/P1000810-200x120.jpg 200w\" loading=\"eager\" style=\"--ratio: 100 \/ 60\" sizes=\"(max-width: 100px) 100vw, 100px\" width=\"100\" height=\"60\"  alt=\"\" \/><\/a><\/div><div class=\"post-content\"><a href=\"https:\/\/conincomiennam.com.vn\/en\/tap-huan-ve-atld-vsld\/\">(Ti\u1ebfng Vi\u1ec7t) T\u1eadp hu\u1ea5n v\u1ec1 ATL\u0110-VSL\u0110<\/a><br \/><time class=\"text-secondary\" datetime=\"%2\">1 September, 2017<\/time><\/div><\/article><\/div><div class=\"wf-cell wf-1\"><article class=\"post-format-standard\"><div class=\"mini-post-img\"><a class=\"alignleft post-rollover layzr-bg\" href=\"https:\/\/conincomiennam.com.vn\/en\/giai-bong-da-cup-hung-thinh-construction-2016-lan-thu-nhat\/\" aria-label=\"Post image\"><img decoding=\"async\" class=\"preload-me lazy-load aspect\" src=\"data:image\/svg+xml,%3Csvg%20xmlns%3D&#39;http%3A%2F%2Fwww.w3.org%2F2000%2Fsvg&#39;%20viewBox%3D&#39;0%200%20100%2060&#39;%2F%3E\" data-src=\"https:\/\/conincomiennam.com.vn\/wp-content\/uploads\/2017\/01\/P_20161119_145332-100x60.jpg\" data-srcset=\"https:\/\/conincomiennam.com.vn\/wp-content\/uploads\/2017\/01\/P_20161119_145332-100x60.jpg 100w, https:\/\/conincomiennam.com.vn\/wp-content\/uploads\/2017\/01\/P_20161119_145332-200x120.jpg 200w\" loading=\"eager\" style=\"--ratio: 100 \/ 60\" sizes=\"(max-width: 100px) 100vw, 100px\" width=\"100\" height=\"60\"  alt=\"\" \/><\/a><\/div><div class=\"post-content\"><a href=\"https:\/\/conincomiennam.com.vn\/en\/giai-bong-da-cup-hung-thinh-construction-2016-lan-thu-nhat\/\">(Ti\u1ebfng Vi\u1ec7t) Gi\u1ea3i b\u00f3ng \u0111\u00e1 C\u00fap Hung Thinh Construction 2016 l\u1ea7n th\u1ee9 nh\u1ea5t<\/a><br \/><time class=\"text-secondary\" datetime=\"%2\">10 January, 2017<\/time><\/div><\/article><\/div><\/section>[vc_empty_space height=&#8221;20px&#8221;]<div class=\" ubtn-ctn-right \"><a class=\"ubtn-link ult-adjust-bottom-margin ubtn-right ubtn-small \" href=\"http:\/\/demo3.salu.work\/coninco\/du-an-tieu-bieu\/\" title=\"D\u1ef1 \u00e1n ti\u00eau bi\u1ec3u\" ><button type=\"button\" id=\"ubtn-6789\"  class=\"ubtn ult-adjust-bottom-margin ult-responsive ubtn-small ubtn-no-hover-bg  none  ubtn-right   tooltip-69fb40d6a7156\"  data-hover=\"\" data-border-color=\"\" data-bg=\"#ec151e\" data-hover-bg=\"\" data-border-hover=\"\" data-shadow-hover=\"\" data-shadow-click=\"none\" data-shadow=\"\" data-shd-shadow=\"\"  data-ultimate-target='#ubtn-6789'  data-responsive-json-new='{\"font-size\":\"\",\"line-height\":\"\"}'  style=\"font-weight:normal;border:none;background: #ec151e;color: #ffffff;\"><span class=\"ubtn-hover\" style=\"background-color:\"><\/span><span class=\"ubtn-data ubtn-text \" >Xem t\u1ea5t c\u1ea3...<\/span><\/button><\/a><\/div>[\/vc_column][\/vc_row]<\/p>\n<\/div>","protected":false},"excerpt":{"rendered":"<p>[vc_row type=&#8221;vc_default&#8221; equal_height=&#8221;yes&#8221; css=&#8221;.vc_custom_1463971998764{border-top-width: 3px !important;background-color: #ffffff !important;border-top-color: #ec1a22 !important;border-top-style: solid !important;}&#8221;][vc_column width=&#8221;3\/4&#8243; css=&#8221;.vc_custom_1463970644941{padding-top: 0px !important;}&#8221;][vc_row_inner][vc_column_inner][\/vc_column_inner][\/vc_row_inner][\/vc_column][vc_column width=&#8221;1\/4&#8243; el_class=&#8221;col-sidebar-right&#8221; css=&#8221;.vc_custom_1463972130044{border-top-width: 3px !important;border-bottom-width: 3px !important;background-color: #a1201a !important;border-top-color: #ec151e !important;border-top-style: solid !important;border-bottom-color: #ec151e !important;border-bottom-style: solid !important;}&#8221;][vc_column_text] D\u1ef0 \u00c1N TI\u00caU BI\u1ec2U [\/vc_column_text][vc_empty_space height=&#8221;20px&#8221;][\/vc_column][\/vc_row]<\/p>\n","protected":false},"author":1,"featured_media":0,"parent":0,"menu_order":0,"comment_status":"closed","ping_status":"closed","template":"","meta":{"footnotes":""},"class_list":["post-21","page","type-page","status-publish","hentry","description-off"],"_links":{"self":[{"href":"https:\/\/conincomiennam.com.vn\/en\/wp-json\/wp\/v2\/pages\/21","targetHints":{"allow":["GET"]}}],"collection":[{"href":"https:\/\/conincomiennam.com.vn\/en\/wp-json\/wp\/v2\/pages"}],"about":[{"href":"https:\/\/conincomiennam.com.vn\/en\/wp-json\/wp\/v2\/types\/page"}],"author":[{"embeddable":true,"href":"https:\/\/conincomiennam.com.vn\/en\/wp-json\/wp\/v2\/users\/1"}],"replies":[{"embeddable":true,"href":"https:\/\/conincomiennam.com.vn\/en\/wp-json\/wp\/v2\/comments?post=21"}],"version-history":[{"count":7,"href":"https:\/\/conincomiennam.com.vn\/en\/wp-json\/wp\/v2\/pages\/21\/revisions"}],"predecessor-version":[{"id":1136,"href":"https:\/\/conincomiennam.com.vn\/en\/wp-json\/wp\/v2\/pages\/21\/revisions\/1136"}],"wp:attachment":[{"href":"https:\/\/conincomiennam.com.vn\/en\/wp-json\/wp\/v2\/media?parent=21"}],"curies":[{"name":"wp","href":"https:\/\/api.w.org\/{rel}","templated":true}]}}