{"id":19,"date":"2016-03-23T02:22:29","date_gmt":"2016-03-23T02:22:29","guid":{"rendered":"http:\/\/conincomiennam.com.vn\/?page_id=19"},"modified":"2016-06-24T10:01:51","modified_gmt":"2016-06-24T10:01:51","slug":"khach-hang-du-an","status":"publish","type":"page","link":"https:\/\/conincomiennam.com.vn\/en\/khach-hang-du-an\/","title":{"rendered":"CUSTOMER-PROJECT"},"content":{"rendered":"<div class=\"wpb-content-wrapper\"><p>[vc_row type=&#8221;vc_default&#8221; equal_height=&#8221;yes&#8221; css=&#8221;.vc_custom_1463979559204{border-top-width: 3px !important;border-bottom-width: 3px !important;background-color: #ffffff !important;border-top-color: #ec1a22 !important;border-top-style: solid !important;border-bottom-color: #ec1a22 !important;border-bottom-style: solid !important;}&#8221;][vc_column width=&#8221;3\/4&#8243;][vc_column_text]<\/p>\n<h3>Dummy text: Its function as a filler or as a tool for comparing the visual impression of different typefaces<\/h3>\n<p>Dummy text is text that is used in the publishing industry or by web designers to occupy the space which will later be filled with &#8216;real&#8217; content. This is required when, for example, the final text is not yet available. Dummy text is also known as &#8216;fill text&#8217;. It is said that song composers of the past used dummy texts as lyrics when writing melodies in order to have a &#8216;ready-made&#8217; text to sing with the melody. Dummy texts have been in use by typesetters since the 16th century.<\/p>\n<h3>The usefulness of nonsensical content<\/h3>\n<p>Dummy text is also used to demonstrate the appearance of different typefaces and layouts, and in general the content of dummy text is nonsensical. Due to its widespread use as filler text for layouts, non-readability is of great importance: human perception is tuned to recognize certain patterns and repetitions in texts. If the distribution of letters and &#8216;words&#8217; is random, the reader will not be distracted from making a neutral judgement on the visual impact and readability of the typefaces (typography), or the distribution of text on the page (layout or type area). For this reason, dummy text usually consists of a more or less random series of words or syllables. This prevents repetitive patterns from impairing the overall visual impression and facilitates the comparison of different typefaces. Furthermore, it is advantageous when the dummy text is relatively realistic so that the layout impression of the final publication is not compromised.<\/p>\n<h3>Incomprehensibility or readability? That is the question.<\/h3>\n<p>The most well-known dummy text is the &#8216;Lorem Ipsum&#8217;, which is said to have originated in the 16th century. Lorem Ipsum is composed in a pseudo-Latin language which more or less corresponds to &#8216;proper&#8217; Latin. It contains a series of real Latin words. This ancient dummy text is also incomprehensible, but it imitates the rhythm of most European languages in Latin script. The advantage of its Latin origin and the relative meaninglessness of Lorum Ipsum is that the text does not attract attention to itself or distract the viewer&#8217;s attention from the layout.<\/p>\n<p>One disadvantage of Lorum Ipsum is that in Latin certain letters appear more frequently than others &#8211; which creates a distinct visual impression. Moreover, in Latin only words at the beginning of sentences are capitalized; this means that Lorem Ipsum cannot accurately represent, for example, German, in which all nouns are capitalized. Thus, Lorem Ipsum has only limited suitability as a visual filler for German texts. If the fill text is intended to illustrate the characteristics of different typefaces, it sometimes makes sense to select texts containing the various letters and symbols specific to the output language.<\/p>\n<p>There is now an abundance of readable dummy texts. These are usually used when a text is required purely to fill a space. These alternatives to the classic Lorem Ipsum texts are often amusing and tell short, funny or nonsensical stories.<\/p>\n<h3>Origin and meaning of the Lorem Ipsum text<\/h3>\n<p>According to most sources, Lorum Ipsum can be traced back to a text composed by Cicero in 45 BC. Allegedly, a Latin scholar established the origin of the text by compiling all the instances of the unusual word &#8216;consectetur&#8217; he could find and eventually recognized it as a passage from &#8216;De finibus bonorum et malorum&#8217; (On the extremes of Good and Evil) by Cicero, a book that was very popular in the Middle Ages: &#8220;Neque porro quisquam est, qui dolorem ipsum, quia dolor sit, amet, consectetur, adipisci velit&#8230; &#8221; (Approximately: &#8220;Nor is there anyone who loves or pursues or desires to obtain pain of itself, because it is pain&#8230;&#8221;). A typical Lorem Ipsum text goes like this: &#8220;Lorem ipsum dolor sit amet, consectetur adipisici elit, sed eiusmod tempor incidunt ut labore et dolore magna aliqua. Ut enim ad minim &#8230;&#8221;.<\/p>\n<p>It seems that only fragments of the original text remain in the Lorem Ipsum texts used today. One may speculate that over the course of time certain letters were added or deleted at various positions within the text. This might also explain why one can now find slightly different versions. Due to the age of the Lorem Ipsum text there are no copyright issues to contend with.<\/p>\n<p>In the 1960s, the text suddenly became known beyond the professional circle of typesetters and layout designers when it was used for Letraset sheets (adhesive letters on transparent film, popular until the 1980s) Versions of the text were subsequently included in DTP programmes such as PageMaker etc.<\/p>\n<p>[\/vc_column_text][\/vc_column][vc_column width=&#8221;1\/4&#8243; css=&#8221;.vc_custom_1463976991242{border-top-width: 3px !important;border-bottom-width: 3px !important;background-color: #a1201a !important;border-top-color: #ec151e !important;border-top-style: solid !important;border-bottom-color: #ec151e !important;border-bottom-style: solid !important;}&#8221; el_class=&#8221;col-sidebar-right&#8221;][vc_column_text]<\/p>\n<h4><span style=\"color: #ec151e;\">CUSTOMER &#8211; PROJECT<br \/>\n<\/span><\/h4>\n<p>[\/vc_column_text]<div class=\"standard-arrow list-divider bullet-top\"><ul>\n<li><span style=\"color: #efefef;\">T\u01b0 v\u1ea5n qu\u1ea3n l\u00fd d\u1ef1 \u00e1n, gi\u00e1m s\u00e1t thi c\u00f4ng x\u00e2y d\u1ef1ng<\/span><\/li>\n<li><span style=\"color: #efefef;\">Th\u1ea9m tra gi\u00e1 v\u00e0 d\u1ef1 to\u00e1n<\/span><\/li>\n<li><span style=\"color: #efefef;\">B\u1ea3o tr\u00ec thi\u1ebft b\u1ecb \u0111i\u1ec7n c\u00f4ng tr\u00ecnh v\u00e0 c\u00e1c h\u1ec7 th\u1ed1ng HVAC kh\u00e1c<\/span><\/li>\n<li><span style=\"color: #efefef;\">L\u1eadp h\u1ed3 s\u01a1 m\u1eddi th\u1ea7u v\u00e0 ph\u00e2n t\u00edch \u0111\u00e1nh gi\u00e1 h\u1ed3 s\u01a1 d\u1ef1 th\u1ea7u<\/span><\/li>\n<li><span style=\"color: #efefef;\">Th\u00ed nghi\u1ec7m v\u1eadt li\u1ec7u x\u00e2y d\u1ef1ng v\u00e0 c\u1ea5u ki\u1ec7n x\u00e2y d\u1ef1ng<\/span><\/li>\n<li><span style=\"color: #efefef;\">Ki\u1ec3m \u0111\u1ecbnh ch\u1ea5t l\u01b0\u1ee3ng c\u00f4ng tr\u00ecnh<\/span><\/li>\n<li><span style=\"color: #efefef;\">\u0110\u00e0o t\u1ea1o, nghi\u00ean c\u1ee9u v\u00e0 chuy\u1ec3n giao C\u00f4ng ngh\u1ec7 x\u00e2y d\u1ef1ng-V\u1eadt li\u1ec7u x\u00e2y d\u1ef1ng<\/span><\/li>\n<li><span style=\"color: #efefef;\">Kinh doanh B\u0110S, d\u1ecbch v\u1ee5 B\u0110S<\/span><\/li>\n<\/ul>\n<\/div><div class=\" ubtn-ctn-right \"><a class=\"ubtn-link ult-adjust-bottom-margin ubtn-right ubtn-small \" href=\"#\" ><button type=\"button\" id=\"ubtn-3048\"  class=\"ubtn ult-adjust-bottom-margin ult-responsive ubtn-small ubtn-no-hover-bg  none  ubtn-right   tooltip-69fb4100ac7c5\"  data-hover=\"\" data-border-color=\"\" data-bg=\"#ec151e\" data-hover-bg=\"\" data-border-hover=\"\" data-shadow-hover=\"\" data-shadow-click=\"none\" data-shadow=\"\" data-shd-shadow=\"\"  data-ultimate-target='#ubtn-3048'  data-responsive-json-new='{\"font-size\":\"\",\"line-height\":\"\"}'  style=\"font-weight:normal;border:none;background: #ec151e;color: #ffffff;\"><span class=\"ubtn-hover\" style=\"background-color:\"><\/span><span class=\"ubtn-data ubtn-text \" >Xem t\u1ea5t c\u1ea3...<\/span><\/button><\/a><\/div>[vc_empty_space height=&#8221;20px&#8221;][vc_column_text]<span id=\"result_box\" class=\"short_text\" lang=\"en\"><span class=\"\">TYPICAL PROJECTS<\/span><\/span>[\/vc_column_text]<div class=\"dt-shortcode with-isotope\"><div class=\"wf-container dt-blog-shortcode loading-effect-none iso-grid description-under-image content-align-left\" data-padding=\"20px\" data-cur-page=\"1\" data-posts-per-page=\"-1\" data-width=\"220px\" data-columns=\"1\">\n<div class=\"wf-cell\" data-post-id=\"114\" data-date=\"%2\" data-name=\"Bridge from across the world\">\n\t<article class=\"post post-114 type-post status-publish format-standard has-post-thumbnail hentry category-du-an-tieu-bieu category-6 description-off\">\n\n\t\t\n\t\t\t<div class=\"blog-media wf-td\">\n\n\t\t\t\t<p><a href=\"https:\/\/conincomiennam.com.vn\/en\/bridge-from-across-the-world\/\" class=\"alignnone rollover layzr-bg\" ><img fetchpriority=\"high\" decoding=\"async\" class=\"preload-me iso-lazy-load aspect\" src=\"data:image\/svg+xml,%3Csvg%20xmlns%3D&#39;http%3A%2F%2Fwww.w3.org%2F2000%2Fsvg&#39;%20viewBox%3D&#39;0%200%20258%20194&#39;%2F%3E\" data-src=\"https:\/\/conincomiennam.com.vn\/wp-content\/uploads\/2016\/03\/bridge.jpg\" data-srcset=\"https:\/\/conincomiennam.com.vn\/wp-content\/uploads\/2016\/03\/bridge.jpg 258w\" loading=\"eager\" style=\"--ratio: 258 \/ 194\" sizes=\"(max-width: 258px) 100vw, 258px\" alt=\"\" title=\"bridge\" width=\"258\" height=\"194\"  \/><\/a><\/p>\n\t\t\t<\/div>\n\n\t\t\n\t\t<div class=\"blog-content wf-td\">\n\t\t\t<h3 class=\"entry-title\"><a href=\"https:\/\/conincomiennam.com.vn\/en\/bridge-from-across-the-world\/\" title=\"Bridge from across the world\" rel=\"bookmark\">Bridge from across the world<\/a><\/h3>\n\n\t\t\t\n\t\t<\/div>\n\n\t<\/article>\n\n<\/div>\n<div class=\"wf-cell\" data-post-id=\"115\" data-date=\"%2\" data-name=\"New York city architecture inspiration\">\n\t<article class=\"post post-115 type-post status-publish format-standard has-post-thumbnail hentry category-du-an-tieu-bieu category-6 description-off\">\n\n\t\t\n\t\t\t<div class=\"blog-media wf-td\">\n\n\t\t\t\t<p><a href=\"https:\/\/conincomiennam.com.vn\/en\/new-york-city-architecture-inspiration\/\" class=\"alignnone rollover layzr-bg\" ><img decoding=\"async\" class=\"preload-me iso-lazy-load aspect\" src=\"data:image\/svg+xml,%3Csvg%20xmlns%3D&#39;http%3A%2F%2Fwww.w3.org%2F2000%2Fsvg&#39;%20viewBox%3D&#39;0%200%20330%20247&#39;%2F%3E\" data-src=\"https:\/\/conincomiennam.com.vn\/wp-content\/uploads\/2016\/03\/new-york-city-330x247.jpg\" data-srcset=\"https:\/\/conincomiennam.com.vn\/wp-content\/uploads\/2016\/03\/new-york-city-330x247.jpg 330w, https:\/\/conincomiennam.com.vn\/wp-content\/uploads\/2016\/03\/new-york-city-442x331.jpg 442w\" loading=\"eager\" style=\"--ratio: 330 \/ 247\" sizes=\"(max-width: 330px) 100vw, 330px\" alt=\"\" title=\"new-york-city\" width=\"330\" height=\"247\"  \/><\/a><\/p>\n\t\t\t<\/div>\n\n\t\t\n\t\t<div class=\"blog-content wf-td\">\n\t\t\t<h3 class=\"entry-title\"><a href=\"https:\/\/conincomiennam.com.vn\/en\/new-york-city-architecture-inspiration\/\" title=\"New York city architecture inspiration\" rel=\"bookmark\">New York city architecture inspiration<\/a><\/h3>\n\n\t\t\t\n\t\t<\/div>\n\n\t<\/article>\n\n<\/div><\/div><\/div>[vc_empty_space height=&#8221;35px&#8221;][\/vc_column][\/vc_row][vc_row][vc_column][\/vc_column][\/vc_row][vc_row type=&#8221;vc_default&#8221; full_width=&#8221;stretch_row_content_no_spaces&#8221; full_width_row=&#8221;true&#8221; bg_type=&#8221;bg_color&#8221; bg_override=&#8221;full&#8221; bg_color_value=&#8221;#ffffff&#8221;][vc_column css=&#8221;.vc_custom_1463993028158{padding-top: 0px !important;}&#8221;][vc_row_inner equal_height=&#8221;yes&#8221;][vc_column_inner width=&#8221;1\/3&#8243; css=&#8221;.vc_custom_1463992887726{padding-top: 0px !important;}&#8221;]<div class=\"ult-new-ib ult-ib-effect-style4 title-header ult-ib-resp   vc_custom_1463993938644\" data-min-width=\"768\" data-max-width=\"900\" style=\"background:#555555;\" data-opacity=\"1\" data-hover-opacity=\"0.3\" ><img decoding=\"async\" class=\"ult-new-ib-img\" style=\"opacity:1;\" alt=\"null\" src=\"https:\/\/conincomiennam.com.vn\/wp-content\/uploads\/2016\/03\/left-banner-420x440.jpg\"   \/><div id=\"interactive-banner-wrap-5077\" class=\"ult-new-ib-desc\" style=\"\"><h2 class=\"ult-new-ib-title ult-responsive\"  data-ultimate-target='#interactive-banner-wrap-5077 .ult-new-ib-title'  data-responsive-json-new='{\"font-size\":\"desktop:30px;\",\"line-height\":\"desktop:30px;\"}'  style=\"font-weight:normal;color:#f2f2f2;\">Aenean massa<\/h2><div class=\"ult-new-ib-content ult-responsive\"  data-ultimate-target='#interactive-banner-wrap-5077 .ult-new-ib-content'  data-responsive-json-new='{\"font-size\":\"\",\"line-height\":\"\"}'  style=\"font-weight:normal;\"><p>Donec pede justo, fringilla vel, aliquet nec, vulputate eget, arcu. In enim justo, rhoncus ut, imperdiet a, venenatis vitae, justo. Nullam dictum felis eu pede mollis pretium. Integer tincidunt. Cras dapibus.<\/p><\/div><\/div><a class=\"ult-new-ib-link\" href=\"http:\/\/demo3.salu.work\/coninco\/\"  ><\/a><\/div>[\/vc_column_inner][vc_column_inner width=&#8221;1\/3&#8243; css=&#8221;.vc_custom_1463993136160{padding-top: 5px !important;padding-right: 5px !important;padding-bottom: 5px !important;padding-left: 5px !important;}&#8221;]<div class=\"ult-new-ib ult-ib-effect-style4  ult-ib-resp   vc_custom_1463994093314\" data-min-width=\"768\" data-max-width=\"900\" style=\"background:#555555;\" data-opacity=\"1\" data-hover-opacity=\"1\" ><img decoding=\"async\" class=\"ult-new-ib-img\" style=\"opacity:1;\" alt=\"null\" src=\"https:\/\/conincomiennam.com.vn\/wp-content\/uploads\/2016\/03\/mid-1-410x214.jpg\"   \/><div id=\"interactive-banner-wrap-6404\" class=\"ult-new-ib-desc\" style=\"\"><h2 class=\"ult-new-ib-title ult-responsive\"  data-ultimate-target='#interactive-banner-wrap-6404 .ult-new-ib-title'  data-responsive-json-new='{\"font-size\":\"desktop:30px;\",\"line-height\":\"desktop:30px;\"}'  style=\"font-weight:normal;color:#f2f2f2;\">Aenean massa<\/h2><div class=\"ult-new-ib-content ult-responsive\"  data-ultimate-target='#interactive-banner-wrap-6404 .ult-new-ib-content'  data-responsive-json-new='{\"font-size\":\"\",\"line-height\":\"\"}'  style=\"font-weight:normal;\"><p>Donec pede justo, fringilla vel, aliquet nec, vulputate eget, arcu. In enim justo, rhoncus ut.<\/p><\/div><\/div><a class=\"ult-new-ib-link\" href=\"http:\/\/demo3.salu.work\/coninco\/\"  ><\/a><\/div>[vc_empty_space height=&#8221;5px&#8221;]<div class=\"ult-new-ib ult-ib-effect-style4  ult-ib-resp   vc_custom_1463994098852\" data-min-width=\"768\" data-max-width=\"900\" style=\"background:#555555;\" data-opacity=\"1\" data-hover-opacity=\"1\" ><img decoding=\"async\" class=\"ult-new-ib-img\" style=\"opacity:1;\" alt=\"null\" src=\"https:\/\/conincomiennam.com.vn\/wp-content\/uploads\/2016\/03\/mid-2-410x214.jpg\"   \/><div id=\"interactive-banner-wrap-6562\" class=\"ult-new-ib-desc\" style=\"\"><h2 class=\"ult-new-ib-title ult-responsive\"  data-ultimate-target='#interactive-banner-wrap-6562 .ult-new-ib-title'  data-responsive-json-new='{\"font-size\":\"desktop:30px;\",\"line-height\":\"desktop:30px;\"}'  style=\"font-weight:normal;color:#f2f2f2;\">Aenean massa<\/h2><div class=\"ult-new-ib-content ult-responsive\"  data-ultimate-target='#interactive-banner-wrap-6562 .ult-new-ib-content'  data-responsive-json-new='{\"font-size\":\"\",\"line-height\":\"\"}'  style=\"font-weight:normal;\"><p>Donec pede justo, fringilla vel, aliquet nec, vulputate eget, arcu. In enim justo, rhoncus ut.<\/p><\/div><\/div><a class=\"ult-new-ib-link\" href=\"http:\/\/demo3.salu.work\/coninco\/\"  ><\/a><\/div>[\/vc_column_inner][vc_column_inner width=&#8221;1\/3&#8243; css=&#8221;.vc_custom_1463992894606{padding-top: 0px !important;}&#8221;]<div class=\"ult-new-ib ult-ib-effect-style4  ult-ib-resp   vc_custom_1463994761033\" data-min-width=\"768\" data-max-width=\"900\" style=\"background:#555555;\" data-opacity=\"1\" data-hover-opacity=\"1\" ><img decoding=\"async\" class=\"ult-new-ib-img\" style=\"opacity:1;\" alt=\"null\" src=\"https:\/\/conincomiennam.com.vn\/wp-content\/uploads\/2016\/03\/right-420x440.jpg\"   \/><div id=\"interactive-banner-wrap-6584\" class=\"ult-new-ib-desc\" style=\"\"><h2 class=\"ult-new-ib-title ult-responsive\"  data-ultimate-target='#interactive-banner-wrap-6584 .ult-new-ib-title'  data-responsive-json-new='{\"font-size\":\"desktop:30px;\",\"line-height\":\"desktop:30px;\"}'  style=\"font-weight:normal;color:#f2f2f2;\">Aenean massa<\/h2><div class=\"ult-new-ib-content ult-responsive\"  data-ultimate-target='#interactive-banner-wrap-6584 .ult-new-ib-content'  data-responsive-json-new='{\"font-size\":\"\",\"line-height\":\"\"}'  style=\"font-weight:normal;\"><p>Donec pede justo, fringilla vel, aliquet nec, vulputate eget, arcu. In enim justo, rhoncus ut, imperdiet a, venenatis vitae, justo. Nullam dictum felis eu pede mollis pretium. Integer tincidunt. Cras dapibus.<\/p><\/div><\/div><a class=\"ult-new-ib-link\" href=\"http:\/\/demo3.salu.work\/coninco\/\"  ><\/a><\/div>[\/vc_column_inner][\/vc_row_inner][\/vc_column][\/vc_row]<\/p>\n<\/div>","protected":false},"excerpt":{"rendered":"<p>[vc_row type=&#8221;vc_default&#8221; equal_height=&#8221;yes&#8221; css=&#8221;.vc_custom_1463979559204{border-top-width: 3px !important;border-bottom-width: 3px !important;background-color: #ffffff !important;border-top-color: #ec1a22 !important;border-top-style: solid !important;border-bottom-color: #ec1a22 !important;border-bottom-style: solid !important;}&#8221;][vc_column width=&#8221;3\/4&#8243;][vc_column_text] Dummy text: Its function as a filler or as a tool for comparing the visual impression of different typefaces Dummy text is text that is used in the publishing industry or by web designers to occupy&hellip;<\/p>\n","protected":false},"author":1,"featured_media":0,"parent":0,"menu_order":0,"comment_status":"closed","ping_status":"closed","template":"","meta":{"footnotes":""},"class_list":["post-19","page","type-page","status-publish","hentry","description-off"],"_links":{"self":[{"href":"https:\/\/conincomiennam.com.vn\/en\/wp-json\/wp\/v2\/pages\/19","targetHints":{"allow":["GET"]}}],"collection":[{"href":"https:\/\/conincomiennam.com.vn\/en\/wp-json\/wp\/v2\/pages"}],"about":[{"href":"https:\/\/conincomiennam.com.vn\/en\/wp-json\/wp\/v2\/types\/page"}],"author":[{"embeddable":true,"href":"https:\/\/conincomiennam.com.vn\/en\/wp-json\/wp\/v2\/users\/1"}],"replies":[{"embeddable":true,"href":"https:\/\/conincomiennam.com.vn\/en\/wp-json\/wp\/v2\/comments?post=19"}],"version-history":[{"count":7,"href":"https:\/\/conincomiennam.com.vn\/en\/wp-json\/wp\/v2\/pages\/19\/revisions"}],"predecessor-version":[{"id":1200,"href":"https:\/\/conincomiennam.com.vn\/en\/wp-json\/wp\/v2\/pages\/19\/revisions\/1200"}],"wp:attachment":[{"href":"https:\/\/conincomiennam.com.vn\/en\/wp-json\/wp\/v2\/media?parent=19"}],"curies":[{"name":"wp","href":"https:\/\/api.w.org\/{rel}","templated":true}]}}